{"id":2020,"date":"2019-10-07T22:19:07","date_gmt":"2019-10-07T19:19:07","guid":{"rendered":"http:\/\/www.meshaal.org\/?page_id=2020"},"modified":"2020-05-02T15:40:59","modified_gmt":"2020-05-02T12:40:59","slug":"nos-moyens","status":"publish","type":"page","link":"https:\/\/www.meshaal.org\/fr\/nos-moyens\/","title":{"rendered":"Nos moyens"},"content":{"rendered":"\n<p>Notre soci\u00e9t\u00e9 d\u00e9pend de tous les moyens pacifiques possibles \u00e0 la lumi\u00e8re du r\u00e9tr\u00e9cissement du pouvoir sur nos activit\u00e9s et sur nos membres. Nous comptons financi\u00e8rement uniquement sur les dons des membres, ce qui rend nos capacit\u00e9s financi\u00e8res tr\u00e8s limit\u00e9es. Nos moyens les plus importants sont d&#8217;organiser des manifestations et des marches pacifiques de protestation au niveau local, national ou international, d&#8217;organiser des r\u00e9unions et des s\u00e9minaires ouverts au grand public, et nous distribuons \u00e9galement des publications papier, \u00e9lectroniques ou audiovisuelles. Nous profitons \u00e9galement de toutes les occasions et r\u00e9unions aux niveaux national et international afin de b\u00e9n\u00e9ficier de l&#8217;exp\u00e9rience d&#8217;autres associations sans oublier notre participation p\u00e9riodique aux r\u00e9unions avec les m\u00e9canismes des droits de l&#8217;homme des Nations Unies et aux sessions de formation dans le domaine des droits de l&#8217;homme, ce qui nous permet de l&#8217;utiliser comme une plateforme pour faire conna\u00eetre nos objectifs.<\/p>\n","protected":false},"excerpt":{"rendered":"<p>Notre soci\u00e9t\u00e9 d\u00e9pend de tous les moyens pacifiques possibles \u00e0 la lumi\u00e8re du r\u00e9tr\u00e9cissement du pouvoir sur nos activit\u00e9s et sur nos membres. Nous comptons financi\u00e8rement uniquement sur les dons des membres, ce qui rend nos capacit\u00e9s financi\u00e8res tr\u00e8s limit\u00e9es. Nos moyens les plus importants sont d&#8217;organiser des manifestations et des marches pacifiques de protestation [&hellip;]<\/p>\n","protected":false},"author":1,"featured_media":0,"parent":0,"menu_order":0,"comment_status":"closed","ping_status":"closed","template":"","meta":{"footnotes":""},"class_list":["post-2020","page","type-page","status-publish","hentry"],"_links":{"self":[{"href":"https:\/\/www.meshaal.org\/fr\/wp-json\/wp\/v2\/pages\/2020","targetHints":{"allow":["GET"]}}],"collection":[{"href":"https:\/\/www.meshaal.org\/fr\/wp-json\/wp\/v2\/pages"}],"about":[{"href":"https:\/\/www.meshaal.org\/fr\/wp-json\/wp\/v2\/types\/page"}],"author":[{"embeddable":true,"href":"https:\/\/www.meshaal.org\/fr\/wp-json\/wp\/v2\/users\/1"}],"replies":[{"embeddable":true,"href":"https:\/\/www.meshaal.org\/fr\/wp-json\/wp\/v2\/comments?post=2020"}],"version-history":[{"count":2,"href":"https:\/\/www.meshaal.org\/fr\/wp-json\/wp\/v2\/pages\/2020\/revisions"}],"predecessor-version":[{"id":3702,"href":"https:\/\/www.meshaal.org\/fr\/wp-json\/wp\/v2\/pages\/2020\/revisions\/3702"}],"wp:attachment":[{"href":"https:\/\/www.meshaal.org\/fr\/wp-json\/wp\/v2\/media?parent=2020"}],"curies":[{"name":"wp","href":"https:\/\/api.w.org\/{rel}","templated":true}]}}