{"id":2016,"date":"2019-10-07T22:18:37","date_gmt":"2019-10-07T19:18:37","guid":{"rendered":"http:\/\/www.meshaal.org\/?page_id=2016"},"modified":"2020-05-02T15:25:31","modified_gmt":"2020-05-02T12:25:31","slug":"%d8%a3%d9%87%d8%af%d8%a7%d9%81%d9%86%d8%a7","status":"publish","type":"page","link":"https:\/\/www.meshaal.org\/fr\/%d8%a3%d9%87%d8%af%d8%a7%d9%81%d9%86%d8%a7\/","title":{"rendered":"Nos objectifs"},"content":{"rendered":"\n<p>1. Documenter les cas de victimes de disparition forc\u00e9e et faire conna\u00eetre leur cas.<\/p>\n\n\n\n<p>2. S\u2019occuper des pr\u00e9occupations et aux demandes des fils et des familles des disparus de force.<\/p>\n\n\n\n<p>3. Soutien psychologique et social aux enfants et aux familles des personnes disparues de force, tout en cr\u00e9ant des centres sp\u00e9cialis\u00e9s pour cela.<\/p>\n\n\n\n<p>4. Assistance aux familles des disparus de force dans les proc\u00e9dures administratives et judiciaires.<\/p>\n\n\n\n<p>5. Trouvez et conservez toutes les informations des victimes de disparition forc\u00e9e.<\/p>\n\n\n\n<p>6. Une \u00e9tude, une discussion et une \u00e9valuation de l&#8217;\u00e9tendue du respect des droits de l&#8217;homme et des libert\u00e9s fondamentales par tous les moyens appropri\u00e9s et la sensibilisation de l&#8217;opinion publique \u00e0 leur sujet.<\/p>\n\n\n\n<p>7. Diffuser une culture des droits de l&#8217;homme.<\/p>\n\n\n\n<p>8. Diffuser la culture de la citoyennet\u00e9<\/p>\n","protected":false},"excerpt":{"rendered":"<p>1. Documenter les cas de victimes de disparition forc\u00e9e et faire conna\u00eetre leur cas. 2. S\u2019occuper des pr\u00e9occupations et aux demandes des fils et des familles des disparus de force. 3. Soutien psychologique et social aux enfants et aux familles des personnes disparues de force, tout en cr\u00e9ant des centres sp\u00e9cialis\u00e9s pour cela. 4. Assistance [&hellip;]<\/p>\n","protected":false},"author":1,"featured_media":0,"parent":0,"menu_order":0,"comment_status":"closed","ping_status":"closed","template":"","meta":{"footnotes":""},"class_list":["post-2016","page","type-page","status-publish","hentry"],"_links":{"self":[{"href":"https:\/\/www.meshaal.org\/fr\/wp-json\/wp\/v2\/pages\/2016","targetHints":{"allow":["GET"]}}],"collection":[{"href":"https:\/\/www.meshaal.org\/fr\/wp-json\/wp\/v2\/pages"}],"about":[{"href":"https:\/\/www.meshaal.org\/fr\/wp-json\/wp\/v2\/types\/page"}],"author":[{"embeddable":true,"href":"https:\/\/www.meshaal.org\/fr\/wp-json\/wp\/v2\/users\/1"}],"replies":[{"embeddable":true,"href":"https:\/\/www.meshaal.org\/fr\/wp-json\/wp\/v2\/comments?post=2016"}],"version-history":[{"count":3,"href":"https:\/\/www.meshaal.org\/fr\/wp-json\/wp\/v2\/pages\/2016\/revisions"}],"predecessor-version":[{"id":3699,"href":"https:\/\/www.meshaal.org\/fr\/wp-json\/wp\/v2\/pages\/2016\/revisions\/3699"}],"wp:attachment":[{"href":"https:\/\/www.meshaal.org\/fr\/wp-json\/wp\/v2\/media?parent=2016"}],"curies":[{"name":"wp","href":"https:\/\/api.w.org\/{rel}","templated":true}]}}